{"id":7794,"date":"2022-02-27T01:54:51","date_gmt":"2022-02-27T01:54:51","guid":{"rendered":"https:\/\/investguatemala.com\/?page_id=7794"},"modified":"2023-07-28T15:14:50","modified_gmt":"2023-07-28T21:14:50","slug":"sectors","status":"publish","type":"page","link":"https:\/\/investguatemala.com\/es\/sectors\/","title":{"rendered":"Sectores"},"content":{"rendered":"<div data-elementor-type=\"wp-page\" data-elementor-id=\"7794\" class=\"elementor elementor-7794\" data-elementor-post-type=\"page\">\n\t\t\t\t\t\t<section class=\"wavo-column-gap-default has_ae_slider elementor-section elementor-top-section elementor-element elementor-element-fc1bfe5 elementor-section-stretched elementor-section-height-min-height wavo-parallax jarallax parallax-yes elementor-section-boxed elementor-section-height-default elementor-section-items-middle ae-bg-gallery-type-default\" data-wavo-bg-video=\"{&quot;provider&quot;:&quot;youtube&quot;,&quot;video_id&quot;:&quot;pL6Nhs7z55g&quot;}\" data-wavo-parallax=\"{&quot;type&quot;:&quot;scroll&quot;,&quot;speed&quot;:&quot;0.3&quot;,&quot;imgsize&quot;:&quot;cover&quot;,&quot;imgsrc&quot;:&quot;&quot;,&quot;mobile&quot;:&quot;&quot;}\" data-particle_enable=\"false\" data-particle-mobile-disabled=\"false\" data-id=\"fc1bfe5\" data-element_type=\"section\" data-e-type=\"section\" data-settings=\"{&quot;stretch_section&quot;:&quot;section-stretched&quot;,&quot;background_background&quot;:&quot;video&quot;,&quot;background_video_link&quot;:&quot;https:\\\/\\\/youtu.be\\\/pL6Nhs7z55g&quot;}\">\n\t\t\t\t\t\t\t\t<div class=\"elementor-background-video-container elementor-hidden-mobile\">\n\t\t\t\t\t\t\t\t\t\t\t\t\t<div class=\"elementor-background-video-embed\" role=\"presentation\"><\/div>\n\t\t\t\t\t\t\t\t\t\t\t\t<\/div>\n\t\t\t\t\t\t\t\t\t<div class=\"elementor-background-overlay\"><\/div>\n\t\t\t\t\t\t\t<div class=\"elementor-container elementor-column-gap-default\">\n\t\t\t\t\t<div class=\"has_ae_slider elementor-column elementor-col-100 elementor-top-column elementor-element elementor-element-17ba350 ae-bg-gallery-type-default\" data-id=\"17ba350\" data-element_type=\"column\" data-e-type=\"column\">\n\t\t\t<div class=\"elementor-widget-wrap elementor-element-populated\">\n\t\t\t\t\t\t<section class=\"wavo-column-gap-default has_ae_slider elementor-section elementor-inner-section elementor-element elementor-element-a420b69 elementor-section-boxed elementor-section-height-default elementor-section-height-default ae-bg-gallery-type-default\" data-particle_enable=\"false\" data-particle-mobile-disabled=\"false\" data-id=\"a420b69\" data-element_type=\"section\" data-e-type=\"section\">\n\t\t\t\t\t\t<div class=\"elementor-container elementor-column-gap-default\">\n\t\t\t\t\t<div class=\"has_ae_slider elementor-column elementor-col-50 elementor-inner-column elementor-element elementor-element-0addf17 ae-bg-gallery-type-default\" data-id=\"0addf17\" data-element_type=\"column\" data-e-type=\"column\">\n\t\t\t<div class=\"elementor-widget-wrap elementor-element-populated\">\n\t\t\t\t\t\t<div class=\"elementor-element elementor-element-4ab8a9c wavo-stroke wavo-has-stroke-yes wavo-has-stroke-type stroke-type-part wavo-transform transform-type-translate elementor-widget elementor-widget-heading\" data-id=\"4ab8a9c\" data-element_type=\"widget\" data-e-type=\"widget\" data-widget_type=\"heading.default\">\n\t\t\t\t<div class=\"elementor-widget-container\">\n\t\t\t\t\t<h1 class=\"elementor-heading-title elementor-size-default\">SECTORES<\/h1>\t\t\t\t<\/div>\n\t\t\t\t<\/div>\n\t\t\t\t<div data-split-settings=\"{&quot;type&quot;:&quot;chars&quot;,&quot;animation&quot;:&quot;fadeIn2&quot;}\" class=\"elementor-element elementor-element-febad97 wavo-headig-split heading-has-split-yes elementor-widget__width-initial wavo-transform transform-type-translate elementor-widget elementor-widget-heading\" data-id=\"febad97\" data-element_type=\"widget\" data-e-type=\"widget\" data-widget_type=\"heading.default\">\n\t\t\t\t<div class=\"elementor-widget-container\">\n\t\t\t\t\t<p class=\"elementor-heading-title elementor-size-default\">Para muchas operaciones comerciales, de servicios y de fabricaci\u00f3n, Guatemala es un destino de primera categor\u00eda. Su ubicaci\u00f3n, clima, mano de obra capacitada, abundancia de recursos y tecnolog\u00eda simplifican el lanzamiento y el \u00e9xito de las empresas. <\/p>\t\t\t\t<\/div>\n\t\t\t\t<\/div>\n\t\t\t\t\t<\/div>\n\t\t<\/div>\n\t\t\t\t<div class=\"has_ae_slider elementor-column elementor-col-50 elementor-inner-column elementor-element elementor-element-48ae4bf ae-bg-gallery-type-default\" data-id=\"48ae4bf\" data-element_type=\"column\" data-e-type=\"column\">\n\t\t\t<div class=\"elementor-widget-wrap\">\n\t\t\t\t\t\t\t<\/div>\n\t\t<\/div>\n\t\t\t\t\t<\/div>\n\t\t<\/section>\n\t\t\t\t<section class=\"wavo-column-gap-default has_ae_slider elementor-section elementor-inner-section elementor-element elementor-element-1ff95c9 elementor-section-boxed elementor-section-height-default elementor-section-height-default ae-bg-gallery-type-default\" data-particle_enable=\"false\" data-particle-mobile-disabled=\"false\" data-id=\"1ff95c9\" data-element_type=\"section\" data-e-type=\"section\">\n\t\t\t\t\t\t<div class=\"elementor-container elementor-column-gap-default\">\n\t\t\t\t\t<div class=\"has_ae_slider elementor-column elementor-col-50 elementor-inner-column elementor-element elementor-element-af78255 ae-bg-gallery-type-default\" data-id=\"af78255\" data-element_type=\"column\" data-e-type=\"column\">\n\t\t\t<div class=\"elementor-widget-wrap\">\n\t\t\t\t\t\t\t<\/div>\n\t\t<\/div>\n\t\t\t\t<div class=\"has_ae_slider elementor-column elementor-col-50 elementor-inner-column elementor-element elementor-element-2ac6093 ae-bg-gallery-type-default\" data-id=\"2ac6093\" data-element_type=\"column\" data-e-type=\"column\">\n\t\t\t<div class=\"elementor-widget-wrap\">\n\t\t\t\t\t\t\t<\/div>\n\t\t<\/div>\n\t\t\t\t\t<\/div>\n\t\t<\/section>\n\t\t\t\t\t<\/div>\n\t\t<\/div>\n\t\t\t\t\t<\/div>\n\t\t<\/section>\n\t\t\t\t<section class=\"wavo-column-gap-default has_ae_slider elementor-section elementor-top-section elementor-element elementor-element-8e1ad08 elementor-section-boxed elementor-section-height-default elementor-section-height-default ae-bg-gallery-type-default\" data-particle_enable=\"false\" data-particle-mobile-disabled=\"false\" data-id=\"8e1ad08\" data-element_type=\"section\" data-e-type=\"section\" data-settings=\"{&quot;animation&quot;:&quot;none&quot;}\">\n\t\t\t\t\t\t<div class=\"elementor-container elementor-column-gap-default\">\n\t\t\t\t\t<div class=\"has_ae_slider elementor-column elementor-col-100 elementor-top-column elementor-element elementor-element-f393b74 ae-bg-gallery-type-default\" data-id=\"f393b74\" data-element_type=\"column\" data-e-type=\"column\">\n\t\t\t<div class=\"elementor-widget-wrap elementor-element-populated\">\n\t\t\t\t\t\t<div class=\"elementor-element elementor-element-e4524ec elementor-widget elementor-widget-eael-post-list\" data-id=\"e4524ec\" data-element_type=\"widget\" data-e-type=\"widget\" data-widget_type=\"eael-post-list.default\">\n\t\t\t\t<div class=\"elementor-widget-container\">\n\t\t\t\t\t<div class=\"eael-post-list-container advanced layout-advanced\"><div class=\"eael-post-list-wrap\"><div class=\"eael-post-list-posts-wrap eael-post-appender eael-post-appender-e4524ec\"><div class=\"eael-post-list-post\"><div class=\"eael-post-list-post-inner\"><div class=\"eael-post-list-thumbnail\"><a href=\"https:\/\/investguatemala.com\/es\/tourism\/\">\n                <img decoding=\"async\" src=\"https:\/\/investguatemala.com\/wp-content\/uploads\/2022\/09\/tourism-header-1024x576.jpg\" alt=\"Tourism\" title=\"\">\n            <\/a><\/div><div class=\"eael-post-list-content\"><h2 class=\"eael-post-list-title\"><a href=\"https:\/\/investguatemala.com\/es\/tourism\/\" >Turismo<\/a><\/h2><div class=\"boxed-meta\"><\/div><\/div><\/div><\/div><div class=\"eael-post-list-post\"><div class=\"eael-post-list-post-inner\"><div class=\"eael-post-list-thumbnail\"><a href=\"https:\/\/investguatemala.com\/es\/apparel-and-textile\/\">\n                <img decoding=\"async\" src=\"https:\/\/investguatemala.com\/wp-content\/uploads\/2022\/09\/header-aparrel-textile-1024x576.jpg\" alt=\"Apparel and Textile\" title=\"\">\n            <\/a><\/div><div class=\"eael-post-list-content\"><h2 class=\"eael-post-list-title\"><a href=\"https:\/\/investguatemala.com\/es\/apparel-and-textile\/\" >Vestuario y Textiles<\/a><\/h2><div class=\"boxed-meta\"><\/div><\/div><\/div><\/div><div class=\"eael-post-list-post\"><div class=\"eael-post-list-post-inner\"><div class=\"eael-post-list-thumbnail\"><a href=\"https:\/\/investguatemala.com\/es\/life-sciences\/\">\n                <img decoding=\"async\" src=\"https:\/\/investguatemala.com\/wp-content\/uploads\/2022\/08\/header-pharmaceitcal-medical-devices-1024x576.jpg\" alt=\"Life Sciences, Pharmaceuticals and Medical Devices\" title=\"\">\n            <\/a><\/div><div class=\"eael-post-list-content\"><h2 class=\"eael-post-list-title\"><a href=\"https:\/\/investguatemala.com\/es\/life-sciences\/\" >Ciencias de la Vida<\/a><\/h2><div class=\"boxed-meta\"><\/div><\/div><\/div><\/div><div class=\"eael-post-list-post\"><div class=\"eael-post-list-post-inner\"><div class=\"eael-post-list-thumbnail\"><a href=\"https:\/\/investguatemala.com\/es\/information-technology-outsourcing-ito\/\">\n                <img decoding=\"async\" src=\"https:\/\/investguatemala.com\/wp-content\/uploads\/2022\/10\/header-ito-1024x576.jpg\" alt=\"Information Technology Outsourcing ITO\" title=\"\">\n            <\/a><\/div><div class=\"eael-post-list-content\"><h2 class=\"eael-post-list-title\"><a href=\"https:\/\/investguatemala.com\/es\/information-technology-outsourcing-ito\/\" >Outsourcing de Inform\u00e1tica<\/a><\/h2><div class=\"boxed-meta\"><\/div><\/div><\/div><\/div><div class=\"eael-post-list-post\"><div class=\"eael-post-list-post-inner\"><div class=\"eael-post-list-thumbnail\"><a href=\"https:\/\/investguatemala.com\/es\/food-and-beverages\/\">\n                <img decoding=\"async\" src=\"https:\/\/investguatemala.com\/wp-content\/uploads\/2022\/10\/header-food-beverages-1024x576.jpg\" alt=\"Food and Beverages\" title=\"\">\n            <\/a><\/div><div class=\"eael-post-list-content\"><h2 class=\"eael-post-list-title\"><a href=\"https:\/\/investguatemala.com\/es\/food-and-beverages\/\" >Alimentos y Bebidas<\/a><\/h2><div class=\"boxed-meta\"><\/div><\/div><\/div><\/div><div class=\"eael-post-list-post\"><div class=\"eael-post-list-post-inner\"><div class=\"eael-post-list-thumbnail\"><a href=\"https:\/\/investguatemala.com\/es\/contact-center-and-bpo\/\">\n                <img decoding=\"async\" src=\"https:\/\/investguatemala.com\/wp-content\/uploads\/2022\/09\/header-bpo-contact-center-1024x576.jpg\" alt=\"Contact Center and BPO\" title=\"\">\n            <\/a><\/div><div class=\"eael-post-list-content\"><h2 class=\"eael-post-list-title\"><a href=\"https:\/\/investguatemala.com\/es\/contact-center-and-bpo\/\" >Contact Center and BPO<\/a><\/h2><div class=\"boxed-meta\"><\/div><\/div><\/div><\/div><div class=\"eael-post-list-post\"><div class=\"eael-post-list-post-inner\"><div class=\"eael-post-list-thumbnail\"><a href=\"https:\/\/investguatemala.com\/es\/manufacturing\/\">\n                <img decoding=\"async\" src=\"https:\/\/investguatemala.com\/wp-content\/uploads\/2022\/09\/header-manufaturas-1024x576.jpg\" alt=\"Manufacturing\" title=\"\">\n            <\/a><\/div><div class=\"eael-post-list-content\"><h2 class=\"eael-post-list-title\"><a href=\"https:\/\/investguatemala.com\/es\/manufacturing\/\" >Manufacturas<\/a><\/h2><div class=\"boxed-meta\"><\/div><\/div><\/div><\/div><div class=\"eael-post-list-post\"><div class=\"eael-post-list-post-inner\"><div class=\"eael-post-list-thumbnail\"><a href=\"https:\/\/investguatemala.com\/es\/agroindustry\/\">\n                <img decoding=\"async\" src=\"https:\/\/investguatemala.com\/wp-content\/uploads\/2022\/09\/agroindustry-header-1024x576.jpg\" alt=\"Agroindustry\" title=\"\">\n            <\/a><\/div><div class=\"eael-post-list-content\"><h2 class=\"eael-post-list-title\"><a href=\"https:\/\/investguatemala.com\/es\/agroindustry\/\" >Agroindustria<\/a><\/h2><div class=\"boxed-meta\"><\/div><\/div><\/div><\/div><div class=\"eael-post-list-post\"><div class=\"eael-post-list-post-inner\"><div class=\"eael-post-list-thumbnail\"><a href=\"https:\/\/investguatemala.com\/es\/service-industry\/\">\n                <img decoding=\"async\" src=\"https:\/\/investguatemala.com\/wp-content\/uploads\/2022\/10\/header-creative-industries-1024x576.jpg\" alt=\"Creative Industries\" title=\"\">\n            <\/a><\/div><div class=\"eael-post-list-content\"><h2 class=\"eael-post-list-title\"><a href=\"https:\/\/investguatemala.com\/es\/service-industry\/\" >Industria de Servicios<\/a><\/h2><div class=\"boxed-meta\"><\/div><\/div><\/div><\/div><\/div><\/div>\n\t\t<\/div>\t\t\t\t<\/div>\n\t\t\t\t<\/div>\n\t\t\t\t\t<\/div>\n\t\t<\/div>\n\t\t\t\t\t<\/div>\n\t\t<\/section>\n\t\t\t\t<section class=\"wavo-column-gap-default has_ae_slider elementor-section elementor-top-section elementor-element elementor-element-139d077 elementor-section-boxed elementor-section-height-default elementor-section-height-default ae-bg-gallery-type-default\" data-particle_enable=\"false\" data-particle-mobile-disabled=\"false\" data-id=\"139d077\" data-element_type=\"section\" data-e-type=\"section\">\n\t\t\t\t\t\t<div class=\"elementor-container elementor-column-gap-default\">\n\t\t\t\t\t<div class=\"has_ae_slider elementor-column elementor-col-100 elementor-top-column elementor-element elementor-element-d7714c5 ae-bg-gallery-type-default\" data-id=\"d7714c5\" data-element_type=\"column\" data-e-type=\"column\">\n\t\t\t<div class=\"elementor-widget-wrap\">\n\t\t\t\t\t\t\t<\/div>\n\t\t<\/div>\n\t\t\t\t\t<\/div>\n\t\t<\/section>\n\t\t\t\t<\/div>","protected":false},"excerpt":{"rendered":"<p>SECTORS For many commercial, services and manufacturing operations, Guatemala is a top-notch destination. Its location, climate, trained workforce, abundance of resources, and technology make it simpler for businesses to launch and succeed. Information Technology Outsourcing ITO Creative Industries Contact Center and BPO Food and Beverages Life Sciences Tourism Agroindustry Apparel and Textile<\/p>","protected":false},"author":2,"featured_media":12807,"parent":0,"menu_order":0,"comment_status":"closed","ping_status":"closed","template":"elementor_header_footer","meta":{"_joinchat":[],"footnotes":""},"class_list":{"0":"post-7794","1":"page","2":"type-page","3":"status-publish","4":"format-standard","5":"has-post-thumbnail","6":"hentry","7":"nt-post-class","8":"","11":"excerpt-none"},"_links":{"self":[{"href":"https:\/\/investguatemala.com\/es\/wp-json\/wp\/v2\/pages\/7794","targetHints":{"allow":["GET"]}}],"collection":[{"href":"https:\/\/investguatemala.com\/es\/wp-json\/wp\/v2\/pages"}],"about":[{"href":"https:\/\/investguatemala.com\/es\/wp-json\/wp\/v2\/types\/page"}],"author":[{"embeddable":true,"href":"https:\/\/investguatemala.com\/es\/wp-json\/wp\/v2\/users\/2"}],"replies":[{"embeddable":true,"href":"https:\/\/investguatemala.com\/es\/wp-json\/wp\/v2\/comments?post=7794"}],"version-history":[{"count":25,"href":"https:\/\/investguatemala.com\/es\/wp-json\/wp\/v2\/pages\/7794\/revisions"}],"predecessor-version":[{"id":17003,"href":"https:\/\/investguatemala.com\/es\/wp-json\/wp\/v2\/pages\/7794\/revisions\/17003"}],"wp:featuredmedia":[{"embeddable":true,"href":"https:\/\/investguatemala.com\/es\/wp-json\/wp\/v2\/media\/12807"}],"wp:attachment":[{"href":"https:\/\/investguatemala.com\/es\/wp-json\/wp\/v2\/media?parent=7794"}],"curies":[{"name":"wp","href":"https:\/\/api.w.org\/{rel}","templated":true}]}}