{"id":3,"date":"2020-04-16T00:51:39","date_gmt":"2020-04-16T06:51:39","guid":{"rendered":"https:\/\/ninetheme.com\/themes\/wavo\/?page_id=3"},"modified":"2024-05-30T10:24:15","modified_gmt":"2024-05-30T16:24:15","slug":"privacy-policy","status":"publish","type":"page","link":"https:\/\/investguatemala.com\/es\/privacy-policy\/","title":{"rendered":"Privacy Policy"},"content":{"rendered":"<div data-elementor-type=\"wp-page\" data-elementor-id=\"3\" class=\"elementor elementor-3\" data-elementor-post-type=\"page\">\n\t\t\t\t\t\t<section class=\"wavo-column-gap-no has_ae_slider elementor-section elementor-top-section elementor-element elementor-element-ed5969b elementor-section-height-min-height wavo-parallax jarallax parallax-yes elementor-section-boxed elementor-section-height-default elementor-section-items-middle ae-bg-gallery-type-default\" data-wavo-parallax=\"{&quot;type&quot;:&quot;scroll&quot;,&quot;speed&quot;:&quot;0.2&quot;,&quot;imgsize&quot;:&quot;cover&quot;,&quot;imgsrc&quot;:&quot;https:\/\/investguatemala.com\/wp-content\/uploads\/2024\/05\/header-privacy-policy.jpg&quot;,&quot;mobile&quot;:&quot;&quot;}\" data-particle_enable=\"false\" data-particle-mobile-disabled=\"false\" data-id=\"ed5969b\" data-element_type=\"section\" data-e-type=\"section\" data-settings=\"{&quot;background_background&quot;:&quot;classic&quot;,&quot;background_image&quot;:{&quot;url&quot;:&quot;https:\\\/\\\/investguatemala.com\\\/wp-content\\\/uploads\\\/2024\\\/05\\\/header-privacy-policy.jpg&quot;,&quot;id&quot;:17978,&quot;size&quot;:&quot;&quot;,&quot;alt&quot;:&quot;Privacy Policy&quot;,&quot;source&quot;:&quot;library&quot;},&quot;parallax_background_enable&quot;:&quot;yes&quot;,&quot;parallax_background_speed&quot;:{&quot;unit&quot;:&quot;px&quot;,&quot;size&quot;:0.55,&quot;sizes&quot;:[]},&quot;background_image_tablet&quot;:{&quot;url&quot;:&quot;&quot;,&quot;id&quot;:&quot;&quot;,&quot;size&quot;:&quot;&quot;},&quot;background_image_mobile&quot;:{&quot;url&quot;:&quot;&quot;,&quot;id&quot;:&quot;&quot;,&quot;size&quot;:&quot;&quot;},&quot;parallax_background_speed_tablet&quot;:{&quot;unit&quot;:&quot;px&quot;,&quot;size&quot;:&quot;&quot;,&quot;sizes&quot;:[]},&quot;parallax_background_speed_mobile&quot;:{&quot;unit&quot;:&quot;px&quot;,&quot;size&quot;:&quot;&quot;,&quot;sizes&quot;:[]},&quot;parallax_background_direction&quot;:&quot;down&quot;}\">\n\t\t\t\t\t\t\t<div class=\"elementor-background-overlay\"><\/div>\n\t\t\t\t\t\t\t<div class=\"elementor-container elementor-column-gap-no\">\n\t\t\t\t\t<div class=\"has_ae_slider elementor-column elementor-col-100 elementor-top-column elementor-element elementor-element-218ed2f ae-bg-gallery-type-default\" data-id=\"218ed2f\" data-element_type=\"column\" data-e-type=\"column\">\n\t\t\t<div class=\"elementor-widget-wrap elementor-element-populated\">\n\t\t\t\t\t\t<div class=\"elementor-element elementor-element-9bad24a wavo-transform transform-type-translate elementor-widget elementor-widget-heading\" data-id=\"9bad24a\" data-element_type=\"widget\" data-e-type=\"widget\" data-widget_type=\"heading.default\">\n\t\t\t\t<div class=\"elementor-widget-container\">\n\t\t\t\t\t<h1 class=\"elementor-heading-title elementor-size-default\">Pol\u00edticas de Privacidad<\/h1>\t\t\t\t<\/div>\n\t\t\t\t<\/div>\n\t\t\t\t<div class=\"elementor-element elementor-element-3585cd3 wavo-transform transform-type-translate elementor-widget elementor-widget-heading\" data-id=\"3585cd3\" data-element_type=\"widget\" data-e-type=\"widget\" data-widget_type=\"heading.default\">\n\t\t\t\t<div class=\"elementor-widget-container\">\n\t\t\t\t\t<p class=\"elementor-heading-title elementor-size-default\">En Invest Guatemala, la confidencialidad y seguridad de la informaci\u00f3n personal de nuestros usuarios es una prioridad. Nuestro sitio web, accesible desde www.investguatemala.com, est\u00e1 comprometido con la protecci\u00f3n de los datos personales. Al utilizar nuestro sitio web, usted acepta las pr\u00e1cticas descritas en esta pol\u00edtica. <\/p>\t\t\t\t<\/div>\n\t\t\t\t<\/div>\n\t\t\t\t\t<\/div>\n\t\t<\/div>\n\t\t\t\t\t<\/div>\n\t\t<\/section>\n\t\t\t\t<section class=\"wavo-column-gap-default has_ae_slider elementor-section elementor-top-section elementor-element elementor-element-60a92e9 elementor-section-boxed elementor-section-height-default elementor-section-height-default ae-bg-gallery-type-default\" data-particle_enable=\"false\" data-particle-mobile-disabled=\"false\" data-id=\"60a92e9\" data-element_type=\"section\" data-e-type=\"section\">\n\t\t\t\t\t\t<div class=\"elementor-container elementor-column-gap-default\">\n\t\t\t\t\t<div class=\"has_ae_slider elementor-column elementor-col-100 elementor-top-column elementor-element elementor-element-0ac4948 ae-bg-gallery-type-default\" data-id=\"0ac4948\" data-element_type=\"column\" data-e-type=\"column\">\n\t\t\t<div class=\"elementor-widget-wrap elementor-element-populated\">\n\t\t\t\t\t\t<div class=\"elementor-element elementor-element-07d8486 wavo-transform transform-type-translate elementor-widget elementor-widget-heading\" data-id=\"07d8486\" data-element_type=\"widget\" data-e-type=\"widget\" data-widget_type=\"heading.default\">\n\t\t\t\t<div class=\"elementor-widget-container\">\n\t\t\t\t\t<h2 class=\"elementor-heading-title elementor-size-default\">Alcance de la Pol\u00edtica <\/h2>\t\t\t\t<\/div>\n\t\t\t\t<\/div>\n\t\t\t\t<div class=\"elementor-element elementor-element-488c3a1 wavo-transform transform-type-translate elementor-widget elementor-widget-heading\" data-id=\"488c3a1\" data-element_type=\"widget\" data-e-type=\"widget\" data-widget_type=\"heading.default\">\n\t\t\t\t<div class=\"elementor-widget-container\">\n\t\t\t\t\t<p class=\"elementor-heading-title elementor-size-default\">Esta pol\u00edtica abarca todas las actividades de procesamiento de datos personales realizadas por Invest Guatemala, incluyendo, pero no limitado a, la recolecci\u00f3n, almacenamiento, uso, circulaci\u00f3n, y supresi\u00f3n de datos, respetando las excepciones legales aplicables. <\/p>\t\t\t\t<\/div>\n\t\t\t\t<\/div>\n\t\t\t\t<div class=\"elementor-element elementor-element-0884105 wavo-transform transform-type-translate elementor-widget elementor-widget-heading\" data-id=\"0884105\" data-element_type=\"widget\" data-e-type=\"widget\" data-widget_type=\"heading.default\">\n\t\t\t\t<div class=\"elementor-widget-container\">\n\t\t\t\t\t<h2 class=\"elementor-heading-title elementor-size-default\">Datos Personales que Recopilamos<\/h2>\t\t\t\t<\/div>\n\t\t\t\t<\/div>\n\t\t\t\t<div class=\"elementor-element elementor-element-d4614dc wavo-transform transform-type-translate elementor-widget elementor-widget-heading\" data-id=\"d4614dc\" data-element_type=\"widget\" data-e-type=\"widget\" data-widget_type=\"heading.default\">\n\t\t\t\t<div class=\"elementor-widget-container\">\n\t\t\t\t\t<p class=\"elementor-heading-title elementor-size-default\">Podemos solicitar informaci\u00f3n como su nombre, direcci\u00f3n de correo electr\u00f3nico, n\u00famero de tel\u00e9fono, entre otros, para proporcionar nuestros servicios de manera eficiente. Nos aseguramos de que la informaci\u00f3n solicitada sea relevante y necesaria.<\/p>\t\t\t\t<\/div>\n\t\t\t\t<\/div>\n\t\t\t\t<div class=\"elementor-element elementor-element-4ee1104 wavo-transform transform-type-translate elementor-widget elementor-widget-heading\" data-id=\"4ee1104\" data-element_type=\"widget\" data-e-type=\"widget\" data-widget_type=\"heading.default\">\n\t\t\t\t<div class=\"elementor-widget-container\">\n\t\t\t\t\t<h2 class=\"elementor-heading-title elementor-size-default\">Uso de la Informaci\u00f3n Personal<\/h2>\t\t\t\t<\/div>\n\t\t\t\t<\/div>\n\t\t\t\t<div class=\"elementor-element elementor-element-99c8bba wavo-transform transform-type-translate elementor-widget elementor-widget-heading\" data-id=\"99c8bba\" data-element_type=\"widget\" data-e-type=\"widget\" data-widget_type=\"heading.default\">\n\t\t\t\t<div class=\"elementor-widget-container\">\n\t\t\t\t\t<p class=\"elementor-heading-title elementor-size-default\">Utilizamos los datos recopilados para: <br \/>- Responder eficazmente a sus consultas y solicitudes.\n<br \/>\n- Facilitar la gesti\u00f3n de colaboraciones y la participaci\u00f3n activa en nuestro sitio. \n<br \/>\n- Asegurar el cumplimiento de prop\u00f3sitos leg\u00edtimos y acordes con nuestras pol\u00edticas. <\/p>\t\t\t\t<\/div>\n\t\t\t\t<\/div>\n\t\t\t\t<div class=\"elementor-element elementor-element-3eb42a4 wavo-transform transform-type-translate elementor-widget elementor-widget-heading\" data-id=\"3eb42a4\" data-element_type=\"widget\" data-e-type=\"widget\" data-widget_type=\"heading.default\">\n\t\t\t\t<div class=\"elementor-widget-container\">\n\t\t\t\t\t<h2 class=\"elementor-heading-title elementor-size-default\">Compartir y Divulgar Informaci\u00f3n<\/h2>\t\t\t\t<\/div>\n\t\t\t\t<\/div>\n\t\t\t\t<div class=\"elementor-element elementor-element-f95e0f9 wavo-transform transform-type-translate elementor-widget elementor-widget-heading\" data-id=\"f95e0f9\" data-element_type=\"widget\" data-e-type=\"widget\" data-widget_type=\"heading.default\">\n\t\t\t\t<div class=\"elementor-widget-container\">\n\t\t\t\t\t<p class=\"elementor-heading-title elementor-size-default\">Nos comprometemos a no compartir su informaci\u00f3n personal sin su consentimiento expl\u00edcito, excepto cuando sea requerido por ley. Contamos con protocolos de seguridad robustos para garantizar la protecci\u00f3n de sus datos. <\/p>\t\t\t\t<\/div>\n\t\t\t\t<\/div>\n\t\t\t\t<div class=\"elementor-element elementor-element-c7791c6 wavo-transform transform-type-translate elementor-widget elementor-widget-heading\" data-id=\"c7791c6\" data-element_type=\"widget\" data-e-type=\"widget\" data-widget_type=\"heading.default\">\n\t\t\t\t<div class=\"elementor-widget-container\">\n\t\t\t\t\t<h2 class=\"elementor-heading-title elementor-size-default\">Confidencialidad<\/h2>\t\t\t\t<\/div>\n\t\t\t\t<\/div>\n\t\t\t\t<div class=\"elementor-element elementor-element-a230dd5 wavo-transform transform-type-translate elementor-widget elementor-widget-heading\" data-id=\"a230dd5\" data-element_type=\"widget\" data-e-type=\"widget\" data-widget_type=\"heading.default\">\n\t\t\t\t<div class=\"elementor-widget-container\">\n\t\t\t\t\t<p class=\"elementor-heading-title elementor-size-default\">Todos los individuos que tienen acceso a datos personales dentro de Invest Guatemala est\u00e1n sujetos a un estricto deber de confidencialidad, que persiste incluso despu\u00e9s de terminar su relaci\u00f3n con nuestras bases de datos. <\/p>\t\t\t\t<\/div>\n\t\t\t\t<\/div>\n\t\t\t\t<div class=\"elementor-element elementor-element-a9e2553 wavo-transform transform-type-translate elementor-widget elementor-widget-heading\" data-id=\"a9e2553\" data-element_type=\"widget\" data-e-type=\"widget\" data-widget_type=\"heading.default\">\n\t\t\t\t<div class=\"elementor-widget-container\">\n\t\t\t\t\t<h2 class=\"elementor-heading-title elementor-size-default\">Contacto y Consultas<\/h2>\t\t\t\t<\/div>\n\t\t\t\t<\/div>\n\t\t\t\t<div class=\"elementor-element elementor-element-76b25d5 wavo-transform transform-type-translate elementor-widget elementor-widget-heading\" data-id=\"76b25d5\" data-element_type=\"widget\" data-e-type=\"widget\" data-widget_type=\"heading.default\">\n\t\t\t\t<div class=\"elementor-widget-container\">\n\t\t\t\t\t<p class=\"elementor-heading-title elementor-size-default\">Si tiene preguntas o inquietudes sobre nuestras pr\u00e1cticas de privacidad y seguridad, por favor no dude en contactarnos en info@investguatemala.org. <\/p>\t\t\t\t<\/div>\n\t\t\t\t<\/div>\n\t\t\t\t\t<\/div>\n\t\t<\/div>\n\t\t\t\t\t<\/div>\n\t\t<\/section>\n\t\t\t\t<\/div>","protected":false},"excerpt":{"rendered":"<p>Pol\u00edticas de Privacidad En Invest Guatemala, la confidencialidad y seguridad de la informaci\u00f3n personal de nuestros usuarios es una prioridad. Nuestro sitio web, accesible desde www.investguatemala.com, est\u00e1 comprometido con la protecci\u00f3n de los datos personales. Al utilizar nuestro sitio web, usted acepta las pr\u00e1cticas descritas en esta pol\u00edtica. Alcance de la Pol\u00edtica Esta pol\u00edtica abarca&#8230;<\/p>","protected":false},"author":2,"featured_media":17978,"parent":0,"menu_order":0,"comment_status":"closed","ping_status":"closed","template":"elementor_header_footer","meta":{"_joinchat":[],"footnotes":""},"class_list":{"0":"post-3","1":"page","2":"type-page","3":"status-publish","4":"format-standard","5":"has-post-thumbnail","6":"hentry","7":"nt-post-class","8":"","11":"excerpt-none"},"_links":{"self":[{"href":"https:\/\/investguatemala.com\/es\/wp-json\/wp\/v2\/pages\/3","targetHints":{"allow":["GET"]}}],"collection":[{"href":"https:\/\/investguatemala.com\/es\/wp-json\/wp\/v2\/pages"}],"about":[{"href":"https:\/\/investguatemala.com\/es\/wp-json\/wp\/v2\/types\/page"}],"author":[{"embeddable":true,"href":"https:\/\/investguatemala.com\/es\/wp-json\/wp\/v2\/users\/2"}],"replies":[{"embeddable":true,"href":"https:\/\/investguatemala.com\/es\/wp-json\/wp\/v2\/comments?post=3"}],"version-history":[{"count":43,"href":"https:\/\/investguatemala.com\/es\/wp-json\/wp\/v2\/pages\/3\/revisions"}],"predecessor-version":[{"id":18025,"href":"https:\/\/investguatemala.com\/es\/wp-json\/wp\/v2\/pages\/3\/revisions\/18025"}],"wp:featuredmedia":[{"embeddable":true,"href":"https:\/\/investguatemala.com\/es\/wp-json\/wp\/v2\/media\/17978"}],"wp:attachment":[{"href":"https:\/\/investguatemala.com\/es\/wp-json\/wp\/v2\/media?parent=3"}],"curies":[{"name":"wp","href":"https:\/\/api.w.org\/{rel}","templated":true}]}}