{"id":20224,"date":"2025-08-06T09:40:26","date_gmt":"2025-08-06T15:40:26","guid":{"rendered":"https:\/\/investguatemala.com\/?page_id=20224"},"modified":"2025-09-24T11:28:35","modified_gmt":"2025-09-24T17:28:35","slug":"global-tariffs-and-rules","status":"publish","type":"page","link":"https:\/\/investguatemala.com\/es\/global-tariffs-and-rules\/","title":{"rendered":"Global Tariffs and Rules"},"content":{"rendered":"<div style=\"margin-top: 0px; margin-bottom: 0px;\" class=\"sharethis-inline-share-buttons\" ><\/div>\t\t<div data-elementor-type=\"wp-page\" data-elementor-id=\"20224\" class=\"elementor elementor-20224\" data-elementor-post-type=\"page\">\n\t\t\t\t\t\t<section class=\"wavo-column-gap-default has_ae_slider elementor-section elementor-top-section elementor-element elementor-element-22e4bfb elementor-section-full_width elementor-section-height-default elementor-section-height-default ae-bg-gallery-type-default\" data-particle_enable=\"false\" data-particle-mobile-disabled=\"false\" data-id=\"22e4bfb\" data-element_type=\"section\" data-e-type=\"section\">\n\t\t\t\t\t\t<div class=\"elementor-container elementor-column-gap-default\">\n\t\t\t\t\t<div class=\"has_ae_slider elementor-column elementor-col-66 elementor-top-column elementor-element elementor-element-9ac02ab ae-bg-gallery-type-default\" data-id=\"9ac02ab\" data-element_type=\"column\" data-e-type=\"column\">\n\t\t\t<div class=\"elementor-widget-wrap elementor-element-populated\">\n\t\t\t\t\t\t<div class=\"elementor-element elementor-element-23f275e elementor-widget elementor-widget-html\" data-id=\"23f275e\" data-element_type=\"widget\" data-e-type=\"widget\" data-widget_type=\"html.default\">\n\t\t\t\t<div class=\"elementor-widget-container\">\n\t\t\t\t\t<div style=\"width: auto; height: 1200px; margin:auto;\" id=\"adamftd-embedded-container\"><\/div>\n<script defer src=\"https:\/\/adamftd.org\/cdn\/embed.js\"><\/script>\n<script>\nwindow.addEventListener(\"DOMContentLoaded\", function () {\nwindow.adamftd_embedded.load({\napiKey: \"qjWQCZe3R0PNHq_2WWJSdOoJ5OGfJ2nE7FeXh3Uf6XM\",\naffiliateCode: \"investguatemala54\",\ncontainerId: \"adamftd-embedded-container\",\nurl: \"https:\/\/adamftd.org\/public\/tariffs_and_rules\"\n});\n});\n<\/script>\t\t\t\t<\/div>\n\t\t\t\t<\/div>\n\t\t\t\t\t<\/div>\n\t\t<\/div>\n\t\t\t\t<div class=\"has_ae_slider elementor-column elementor-col-33 elementor-top-column elementor-element elementor-element-dd822e2 ae-bg-gallery-type-default\" data-id=\"dd822e2\" data-element_type=\"column\" data-e-type=\"column\">\n\t\t\t<div class=\"elementor-widget-wrap elementor-element-populated\">\n\t\t\t\t\t\t<div class=\"elementor-element elementor-element-a71c51e elementor-widget elementor-widget-eael-post-list\" data-id=\"a71c51e\" data-element_type=\"widget\" data-e-type=\"widget\" data-widget_type=\"eael-post-list.default\">\n\t\t\t\t<div class=\"elementor-widget-container\">\n\t\t\t\t\t<div class=\"eael-post-list-container advanced layout-advanced\"><div class=\"eael-post-list-header\"><div class=\"header-title\">\n                            <h2 class=\"title\">Noticias recientes<\/h2>\n                        <\/div><\/div><div class=\"eael-post-list-wrap\"><div class=\"eael-post-list-posts-wrap eael-post-appender eael-post-appender-a71c51e\"><div class=\"eael-post-list-post\"><div class=\"eael-post-list-post-inner\"><div class=\"eael-post-list-thumbnail\"><a href=\"https:\/\/investguatemala.com\/es\/2026\/02\/05\/foreign-direct-investment-outlook-2026\/\">\n                <img decoding=\"async\" src=\"https:\/\/investguatemala.com\/wp-content\/uploads\/2026\/02\/Foreign-direct-investment-outlook-2026-1024x560.jpg\" alt=\"Foreign direct investment outlook 2026\" title=\"\">\n            <\/a><\/div><div class=\"eael-post-list-content\"><h2 class=\"eael-post-list-title\"><a href=\"https:\/\/investguatemala.com\/es\/2026\/02\/05\/foreign-direct-investment-outlook-2026\/\" >Foreign direct investment outlook 2026<\/a><\/h2><div class=\"meta\"><span class=\"eael-post-published-date\"><i class=\"far fa-calendar-alt\"><\/i> febrero 5, 2026<\/span><\/div><div class=\"boxed-meta\"><\/div><\/div><\/div><\/div><div class=\"eael-post-list-post\"><div class=\"eael-post-list-post-inner\"><div class=\"eael-post-list-thumbnail\"><a href=\"https:\/\/investguatemala.com\/es\/2025\/12\/04\/characterization-of-foreign-direct-investment-in-guatemala-and-the-region\/\">\n                <img decoding=\"async\" src=\"https:\/\/investguatemala.com\/wp-content\/uploads\/2025\/12\/Characterization-of-Foreign-Direct-Investment-in-Guatemala-and-the-Region-1024x560.jpg\" alt=\"Characterization of Foreign Direct Investment in Guatemala and the Region\" title=\"\">\n            <\/a><\/div><div class=\"eael-post-list-content\"><h2 class=\"eael-post-list-title\"><a href=\"https:\/\/investguatemala.com\/es\/2025\/12\/04\/characterization-of-foreign-direct-investment-in-guatemala-and-the-region\/\" >Caracterizaci\u00f3n de la Inversi\u00f3n Extranjera Directa en guatemala y la Regi\u00f3n<\/a><\/h2><div class=\"meta\"><span class=\"eael-post-published-date\"><i class=\"far fa-calendar-alt\"><\/i> diciembre 4, 2025<\/span><\/div><div class=\"boxed-meta\"><\/div><\/div><\/div><\/div><div class=\"eael-post-list-post\"><div class=\"eael-post-list-post-inner\"><div class=\"eael-post-list-thumbnail\"><a href=\"https:\/\/investguatemala.com\/es\/2025\/07\/17\/from-vision-to-impact-investment-growth-underway-in-guatemala\/\">\n                <img decoding=\"async\" src=\"https:\/\/investguatemala.com\/wp-content\/uploads\/2025\/07\/Guatemala-firmly-on-track-to-lead-the-region-in-attracting-investment-1024x560.jpg\" alt=\"From Vision to Impact: Investment Growth Underway in Guatemala\" title=\"\">\n            <\/a><\/div><div class=\"eael-post-list-content\"><h2 class=\"eael-post-list-title\"><a href=\"https:\/\/investguatemala.com\/es\/2025\/07\/17\/from-vision-to-impact-investment-growth-underway-in-guatemala\/\" >From Vision to Impact: Investment Growth Underway in Guatemala<\/a><\/h2><div class=\"meta\"><span class=\"eael-post-published-date\"><i class=\"far fa-calendar-alt\"><\/i> julio 17, 2025<\/span><\/div><div class=\"boxed-meta\"><\/div><\/div><\/div><\/div><div class=\"eael-post-list-post\"><div class=\"eael-post-list-post-inner\"><div class=\"eael-post-list-thumbnail\"><a href=\"https:\/\/investguatemala.com\/es\/2025\/07\/15\/guatemala-firmly-on-track-to-lead-the-region-in-attracting-investment\/\">\n                <img decoding=\"async\" src=\"https:\/\/investguatemala.com\/wp-content\/uploads\/2025\/07\/Guatemala-firmly-on-track-to-lead-the-region-in-attracting-investment-web-1024x560.jpg\" alt=\"Guatemala, firmly on track to lead the region in attracting investment\" title=\"\">\n            <\/a><\/div><div class=\"eael-post-list-content\"><h2 class=\"eael-post-list-title\"><a href=\"https:\/\/investguatemala.com\/es\/2025\/07\/15\/guatemala-firmly-on-track-to-lead-the-region-in-attracting-investment\/\" >Guatemala, firmly on track to lead the region in attracting investment<\/a><\/h2><div class=\"meta\"><span class=\"eael-post-published-date\"><i class=\"far fa-calendar-alt\"><\/i> julio 15, 2025<\/span><\/div><div class=\"boxed-meta\"><\/div><\/div><\/div><\/div><\/div><\/div>\n\t\t<\/div>\t\t\t\t<\/div>\n\t\t\t\t<\/div>\n\t\t\t\t\t<\/div>\n\t\t<\/div>\n\t\t\t\t\t<\/div>\n\t\t<\/section>\n\t\t\t\t<\/div>","protected":false},"excerpt":{"rendered":"<p>Recent news From Vision to Impact: Investment Growth Underway in Guatemala July 17, 2025 Guatemala, firmly on track to lead the region in attracting investment July 15, 2025 Investing in Guatemala with expert, technical and personalized support July 14, 2025 Juguetes hechos en Guatemala: una oportunidad estrat\u00e9gica para entrar a la cadena de valor global&#8230;<\/p>","protected":false},"author":2,"featured_media":0,"parent":0,"menu_order":0,"comment_status":"closed","ping_status":"closed","template":"elementor_header_footer","meta":{"_joinchat":[],"footnotes":""},"class_list":{"0":"post-20224","1":"page","2":"type-page","3":"status-publish","4":"format-standard","5":"hentry","6":"nt-post-class","7":"","10":"excerpt-none"},"_links":{"self":[{"href":"https:\/\/investguatemala.com\/es\/wp-json\/wp\/v2\/pages\/20224","targetHints":{"allow":["GET"]}}],"collection":[{"href":"https:\/\/investguatemala.com\/es\/wp-json\/wp\/v2\/pages"}],"about":[{"href":"https:\/\/investguatemala.com\/es\/wp-json\/wp\/v2\/types\/page"}],"author":[{"embeddable":true,"href":"https:\/\/investguatemala.com\/es\/wp-json\/wp\/v2\/users\/2"}],"replies":[{"embeddable":true,"href":"https:\/\/investguatemala.com\/es\/wp-json\/wp\/v2\/comments?post=20224"}],"version-history":[{"count":19,"href":"https:\/\/investguatemala.com\/es\/wp-json\/wp\/v2\/pages\/20224\/revisions"}],"predecessor-version":[{"id":20283,"href":"https:\/\/investguatemala.com\/es\/wp-json\/wp\/v2\/pages\/20224\/revisions\/20283"}],"wp:attachment":[{"href":"https:\/\/investguatemala.com\/es\/wp-json\/wp\/v2\/media?parent=20224"}],"curies":[{"name":"wp","href":"https:\/\/api.w.org\/{rel}","templated":true}]}}