{"id":17920,"date":"2024-05-22T10:02:31","date_gmt":"2024-05-22T16:02:31","guid":{"rendered":"https:\/\/investguatemala.com\/?page_id=17920"},"modified":"2024-05-22T10:13:09","modified_gmt":"2024-05-22T16:13:09","slug":"sadinsa-free-zone","status":"publish","type":"page","link":"https:\/\/investguatemala.com\/es\/directory\/sadinsa-free-zone\/","title":{"rendered":"SADINSA Free Zone"},"content":{"rendered":"\t\t<div data-elementor-type=\"wp-page\" data-elementor-id=\"17920\" class=\"elementor elementor-17920\" data-elementor-post-type=\"page\">\n\t\t\t\t\t\t<section class=\"wavo-column-gap-default has_ae_slider elementor-section elementor-top-section elementor-element elementor-element-5cd402e elementor-section-stretched elementor-section-height-min-height wavo-parallax jarallax parallax-yes elementor-section-boxed elementor-section-height-default elementor-section-items-middle ae-bg-gallery-type-default\" data-wavo-parallax=\"{&quot;type&quot;:&quot;scroll&quot;,&quot;speed&quot;:&quot;0.3&quot;,&quot;imgsize&quot;:&quot;cover&quot;,&quot;imgsrc&quot;:&quot;https:\/\/investguatemala.com\/wp-content\/uploads\/2024\/05\/sadinsa-01.jpg&quot;,&quot;mobile&quot;:&quot;&quot;}\" data-particle_enable=\"false\" data-particle-mobile-disabled=\"false\" data-id=\"5cd402e\" data-element_type=\"section\" data-e-type=\"section\" data-settings=\"{&quot;stretch_section&quot;:&quot;section-stretched&quot;,&quot;background_background&quot;:&quot;classic&quot;,&quot;background_image&quot;:{&quot;url&quot;:&quot;https:\\\/\\\/investguatemala.com\\\/wp-content\\\/uploads\\\/2024\\\/05\\\/sadinsa-01.jpg&quot;,&quot;id&quot;:17937,&quot;size&quot;:&quot;&quot;,&quot;alt&quot;:&quot;SADINSA&quot;,&quot;source&quot;:&quot;library&quot;},&quot;background_image_tablet&quot;:{&quot;url&quot;:&quot;&quot;,&quot;id&quot;:&quot;&quot;,&quot;size&quot;:&quot;&quot;},&quot;background_image_mobile&quot;:{&quot;url&quot;:&quot;&quot;,&quot;id&quot;:&quot;&quot;,&quot;size&quot;:&quot;&quot;}}\">\n\t\t\t\t\t\t\t<div class=\"elementor-background-overlay\"><\/div>\n\t\t\t\t\t\t\t<div class=\"elementor-container elementor-column-gap-default\">\n\t\t\t\t\t<div class=\"has_ae_slider elementor-column elementor-col-100 elementor-top-column elementor-element elementor-element-a93c55b ae-bg-gallery-type-default\" data-id=\"a93c55b\" data-element_type=\"column\" data-e-type=\"column\">\n\t\t\t<div class=\"elementor-widget-wrap elementor-element-populated\">\n\t\t\t\t\t\t<section class=\"wavo-column-gap-default has_ae_slider elementor-section elementor-inner-section elementor-element elementor-element-8137fee elementor-section-boxed elementor-section-height-default elementor-section-height-default ae-bg-gallery-type-default\" data-particle_enable=\"false\" data-particle-mobile-disabled=\"false\" data-id=\"8137fee\" data-element_type=\"section\" data-e-type=\"section\">\n\t\t\t\t\t\t<div class=\"elementor-container elementor-column-gap-default\">\n\t\t\t\t\t<div class=\"has_ae_slider elementor-column elementor-col-50 elementor-inner-column elementor-element elementor-element-228b761 ae-bg-gallery-type-default\" data-id=\"228b761\" data-element_type=\"column\" data-e-type=\"column\">\n\t\t\t<div class=\"elementor-widget-wrap\">\n\t\t\t\t\t\t\t<\/div>\n\t\t<\/div>\n\t\t\t\t<div class=\"has_ae_slider elementor-column elementor-col-50 elementor-inner-column elementor-element elementor-element-f030cca ae-bg-gallery-type-default\" data-id=\"f030cca\" data-element_type=\"column\" data-e-type=\"column\">\n\t\t\t<div class=\"elementor-widget-wrap elementor-element-populated\">\n\t\t\t\t\t\t<div class=\"elementor-element elementor-element-0557043 elementor-widget elementor-widget-image\" data-id=\"0557043\" data-element_type=\"widget\" data-e-type=\"widget\" data-widget_type=\"image.default\">\n\t\t\t\t<div class=\"elementor-widget-container\">\n\t\t\t\t\t\t\t\t\t\t\t\t\t\t\t\t<a href=\"https:\/\/www.linkedin.com\/company\/zona-franca-sadinsa\/\" target=\"_blank\" rel=\"noopener\">\n\t\t\t\t\t\t\t<img fetchpriority=\"high\" decoding=\"async\" width=\"601\" height=\"160\" src=\"https:\/\/investguatemala.com\/wp-content\/uploads\/2024\/05\/logo-sadinsa.jpg\" class=\"attachment-large size-large wp-image-17932\" alt=\"SADINSA\" srcset=\"https:\/\/investguatemala.com\/wp-content\/uploads\/2024\/05\/logo-sadinsa.jpg 601w, https:\/\/investguatemala.com\/wp-content\/uploads\/2024\/05\/logo-sadinsa-300x80.jpg 300w, https:\/\/investguatemala.com\/wp-content\/uploads\/2024\/05\/logo-sadinsa-18x5.jpg 18w, https:\/\/investguatemala.com\/wp-content\/uploads\/2024\/05\/logo-sadinsa-500x133.jpg 500w\" sizes=\"(max-width: 601px) 100vw, 601px\" title=\"\">\t\t\t\t\t\t\t\t<\/a>\n\t\t\t\t\t\t\t\t\t\t\t\t\t\t\t<\/div>\n\t\t\t\t<\/div>\n\t\t\t\t<div class=\"elementor-element elementor-element-08994d2 elementor-widget elementor-widget-wavo-button\" data-id=\"08994d2\" data-element_type=\"widget\" data-e-type=\"widget\" data-widget_type=\"wavo-button.default\">\n\t\t\t\t<div class=\"elementor-widget-container\">\n\t\t\t\t\t<div class=\"wavo-button\"><a class=\"wavo-btn btn-curve btn-lit\" href=\"https:\/\/www.linkedin.com\/company\/zona-franca-sadinsa\/\" target=\"_blank\" rel=\"noopener\"><span class=\"button_text\">More information <\/span><\/a><\/div>\t\t\t\t<\/div>\n\t\t\t\t<\/div>\n\t\t\t\t\t<\/div>\n\t\t<\/div>\n\t\t\t\t\t<\/div>\n\t\t<\/section>\n\t\t\t\t<section class=\"wavo-column-gap-default has_ae_slider elementor-section elementor-inner-section elementor-element elementor-element-2e04fc5 elementor-section-boxed elementor-section-height-default elementor-section-height-default ae-bg-gallery-type-default\" data-particle_enable=\"false\" data-particle-mobile-disabled=\"false\" data-id=\"2e04fc5\" data-element_type=\"section\" data-e-type=\"section\">\n\t\t\t\t\t\t<div class=\"elementor-container elementor-column-gap-default\">\n\t\t\t\t\t<div class=\"has_ae_slider elementor-column elementor-col-50 elementor-inner-column elementor-element elementor-element-446b993 ae-bg-gallery-type-default\" data-id=\"446b993\" data-element_type=\"column\" data-e-type=\"column\">\n\t\t\t<div class=\"elementor-widget-wrap\">\n\t\t\t\t\t\t\t<\/div>\n\t\t<\/div>\n\t\t\t\t<div class=\"has_ae_slider elementor-column elementor-col-50 elementor-inner-column elementor-element elementor-element-cf2b8b4 ae-bg-gallery-type-default\" data-id=\"cf2b8b4\" data-element_type=\"column\" data-e-type=\"column\">\n\t\t\t<div class=\"elementor-widget-wrap\">\n\t\t\t\t\t\t\t<\/div>\n\t\t<\/div>\n\t\t\t\t\t<\/div>\n\t\t<\/section>\n\t\t\t\t\t<\/div>\n\t\t<\/div>\n\t\t\t\t\t<\/div>\n\t\t<\/section>\n\t\t\t\t<section class=\"wavo-column-gap-default has_ae_slider elementor-section elementor-top-section elementor-element elementor-element-591b4e4 elementor-section-boxed elementor-section-height-default elementor-section-height-default ae-bg-gallery-type-default\" data-particle_enable=\"false\" data-particle-mobile-disabled=\"false\" data-id=\"591b4e4\" data-element_type=\"section\" data-e-type=\"section\">\n\t\t\t\t\t\t<div class=\"elementor-container elementor-column-gap-default\">\n\t\t\t\t\t<div class=\"has_ae_slider elementor-column elementor-col-50 elementor-top-column elementor-element elementor-element-e488728 ae-bg-gallery-type-default\" data-id=\"e488728\" data-element_type=\"column\" data-e-type=\"column\">\n\t\t\t<div class=\"elementor-widget-wrap elementor-element-populated\">\n\t\t\t\t\t\t<div class=\"elementor-element elementor-element-2c0383f elementor-headline--style-highlight elementor-widget elementor-widget-animated-headline\" data-id=\"2c0383f\" data-element_type=\"widget\" data-e-type=\"widget\" data-settings=\"{&quot;marker&quot;:&quot;underline&quot;,&quot;highlighted_text&quot;:&quot;Zona Franca Sadinsa&quot;,&quot;headline_style&quot;:&quot;highlight&quot;,&quot;loop&quot;:&quot;yes&quot;,&quot;highlight_animation_duration&quot;:1200,&quot;highlight_iteration_delay&quot;:8000}\" data-widget_type=\"animated-headline.default\">\n\t\t\t\t<div class=\"elementor-widget-container\">\n\t\t\t\t\t\t\t<h1 class=\"elementor-headline\">\n\t\t\t\t<span class=\"elementor-headline-dynamic-wrapper elementor-headline-text-wrapper\">\n\t\t\t\t\t<span class=\"elementor-headline-dynamic-text elementor-headline-text-active\">Zona Franca Sadinsa<\/span>\n\t\t\t\t<\/span>\n\t\t\t\t<\/h1>\n\t\t\t\t\t\t<\/div>\n\t\t\t\t<\/div>\n\t\t\t\t<div class=\"elementor-element elementor-element-071e004 elementor-widget elementor-widget-text-editor\" data-id=\"071e004\" data-element_type=\"widget\" data-e-type=\"widget\" data-widget_type=\"text-editor.default\">\n\t\t\t\t<div class=\"elementor-widget-container\">\n\t\t\t\t\t\t\t\t\t<p>SADINSA es una Zona Franca ubicada en la Zona 4 de Mixco en la ciudad de Guatemala. La ubicaci\u00f3n es un punto intermedio excelente que permite colocar contenedores en cualquier puesto aduanero o frontera, sin embargo, tiene m\u00e1s proximidad con la Ruta al Atl\u00e1ntico y la Carretera Interamericana. El parque tiene una extensi\u00f3n de hasta 13,000mts 2 \u00fatiles, distribuidos en 15 bodegas. Los galpones son flexibles y se pueden unir o separar f\u00e1cilmente de otros gracias a los cerramientos de l\u00e1mina industrial. Entre las amenidades cuenta con 45 plazas de parqueo que se distribuyen entre los inquilinos seg\u00fan la necesidad; patios de carga y maniobras, plataformas hidr\u00e1ulicas, garita y seguridad perimetral con circuito cerrado CCTV, agencia SAT dedicada y cafeter\u00eda. Brinda tambi\u00e9n el servicio de tratamiento de desechos s\u00f3lidos. La calidad y limpieza de las instalaciones que ofrece SADINSA debe tomarse en cuenta para productos que lo necesitan.<\/p><p>\u00a0<\/p><ul><li>Direcci\u00f3n: 26 avenida 8-50, zona 4 de Mixco, Colonia el Naranjo<\/li><li>Tel\u00e9fonos: +502 2428 6900 \/ +502 2423 0035<\/li><\/ul>\t\t\t\t\t\t\t\t<\/div>\n\t\t\t\t<\/div>\n\t\t\t\t<div class=\"elementor-element elementor-element-23862cd wavo-transform transform-type-translate elementor-widget elementor-widget-heading\" data-id=\"23862cd\" data-element_type=\"widget\" data-e-type=\"widget\" data-widget_type=\"heading.default\">\n\t\t\t\t<div class=\"elementor-widget-container\">\n\t\t\t\t\t<h4 class=\"elementor-heading-title elementor-size-default\">Especificaciones<\/h4>\t\t\t\t<\/div>\n\t\t\t\t<\/div>\n\t\t\t\t<div class=\"elementor-element elementor-element-24083b1 elementor-widget elementor-widget-text-editor\" data-id=\"24083b1\" data-element_type=\"widget\" data-e-type=\"widget\" data-widget_type=\"text-editor.default\">\n\t\t\t\t<div class=\"elementor-widget-container\">\n\t\t\t\t\t\t\t\t\t<ul><li>Superficie: 13,58 mts2<\/li><li>Costo Mts2 + IVA: US$5.25<\/li><li>\u00c1rea construida: 11,088 mts2<\/li><li>Costo de Mano de Obra: desde salario m\u00ednimo (el salario m\u00ednimo que aplica es de la circunscripci\u00f3n econ\u00f3mica 1)<\/li><li>Bodegas existentes: 15 bodegas existentes (bodegas y ofibodegas desde 358 mts2 hasta 1,000 mts2; oficinas de 44 mts2)<\/li><li>Amenidades: garita, seguridad perimetral, \u00e1reas de carga y descarga, cafeter\u00eda y sal\u00f3n social.<br \/>Servicios: agua, pozo propio, drenajes, planta de tratamientos de desechos s\u00f3lidos, electricidad.<\/li><li>Incentivos: Exoneraci\u00f3n de impuestos, exoneraci\u00f3n del 100% del ISR, exenci\u00f3n del IVA, exoneraci\u00f3n del impuesto de timbres fiscales y de papel sellado para protocolos.<\/li><\/ul>\t\t\t\t\t\t\t\t<\/div>\n\t\t\t\t<\/div>\n\t\t\t\t\t<\/div>\n\t\t<\/div>\n\t\t\t\t<div class=\"has_ae_slider elementor-column elementor-col-50 elementor-top-column elementor-element elementor-element-94850f6 ae-bg-gallery-type-default\" data-id=\"94850f6\" data-element_type=\"column\" data-e-type=\"column\">\n\t\t\t<div class=\"elementor-widget-wrap elementor-element-populated\">\n\t\t\t\t\t\t<div class=\"elementor-element elementor-element-bfdeac5 elementor-widget elementor-widget-image\" data-id=\"bfdeac5\" data-element_type=\"widget\" data-e-type=\"widget\" data-widget_type=\"image.default\">\n\t\t\t\t<div class=\"elementor-widget-container\">\n\t\t\t\t\t\t\t\t\t\t\t\t\t\t\t<img decoding=\"async\" width=\"768\" height=\"465\" src=\"https:\/\/investguatemala.com\/wp-content\/uploads\/2024\/05\/sadinsa-02-768x465.jpg\" class=\"attachment-medium_large size-medium_large wp-image-17936\" alt=\"SADINSA\" srcset=\"https:\/\/investguatemala.com\/wp-content\/uploads\/2024\/05\/sadinsa-02-768x465.jpg 768w, https:\/\/investguatemala.com\/wp-content\/uploads\/2024\/05\/sadinsa-02-300x182.jpg 300w, https:\/\/investguatemala.com\/wp-content\/uploads\/2024\/05\/sadinsa-02-1024x620.jpg 1024w, https:\/\/investguatemala.com\/wp-content\/uploads\/2024\/05\/sadinsa-02-1536x930.jpg 1536w, https:\/\/investguatemala.com\/wp-content\/uploads\/2024\/05\/sadinsa-02-18x12.jpg 18w, https:\/\/investguatemala.com\/wp-content\/uploads\/2024\/05\/sadinsa-02-500x303.jpg 500w, https:\/\/investguatemala.com\/wp-content\/uploads\/2024\/05\/sadinsa-02.jpg 1635w\" sizes=\"(max-width: 768px) 100vw, 768px\" title=\"\">\t\t\t\t\t\t\t\t\t\t\t\t\t\t\t<\/div>\n\t\t\t\t<\/div>\n\t\t\t\t<div class=\"elementor-element elementor-element-42d66e5 elementor-widget elementor-widget-text-editor\" data-id=\"42d66e5\" data-element_type=\"widget\" data-e-type=\"widget\" data-widget_type=\"text-editor.default\">\n\t\t\t\t<div class=\"elementor-widget-container\">\n\t\t\t\t\t\t\t\t\tFor more information, please complete the following form:\t\t\t\t\t\t\t\t<\/div>\n\t\t\t\t<\/div>\n\t\t\t\t<div class=\"elementor-element elementor-element-b9418ff elementor-button-align-end elementor-widget elementor-widget-form\" data-id=\"b9418ff\" data-element_type=\"widget\" data-e-type=\"widget\" data-settings=\"{&quot;step_next_label&quot;:&quot;Next&quot;,&quot;step_previous_label&quot;:&quot;Previous&quot;,&quot;motion_fx_motion_fx_scrolling&quot;:&quot;yes&quot;,&quot;motion_fx_translateY_effect&quot;:&quot;yes&quot;,&quot;motion_fx_translateY_direction&quot;:&quot;negative&quot;,&quot;motion_fx_translateY_affectedRange&quot;:{&quot;unit&quot;:&quot;%&quot;,&quot;size&quot;:&quot;&quot;,&quot;sizes&quot;:{&quot;start&quot;:51,&quot;end&quot;:100}},&quot;button_width&quot;:&quot;100&quot;,&quot;step_type&quot;:&quot;number_text&quot;,&quot;step_icon_shape&quot;:&quot;circle&quot;,&quot;motion_fx_translateY_speed&quot;:{&quot;unit&quot;:&quot;px&quot;,&quot;size&quot;:4,&quot;sizes&quot;:[]},&quot;motion_fx_devices&quot;:[&quot;desktop&quot;,&quot;tablet&quot;,&quot;mobile&quot;]}\" data-widget_type=\"form.default\">\n\t\t\t\t<div class=\"elementor-widget-container\">\n\t\t\t\t\t\t\t<form class=\"elementor-form\" method=\"post\" name=\"Formulario SADINSA\" aria-label=\"Formulario SADINSA\">\n\t\t\t<input type=\"hidden\" name=\"post_id\" value=\"17920\"\/>\n\t\t\t<input type=\"hidden\" name=\"form_id\" value=\"b9418ff\"\/>\n\t\t\t<input type=\"hidden\" name=\"referer_title\" value=\"SADINSA Free Zone - Invest Guatemala\" \/>\n\n\t\t\t\t\t\t\t<input type=\"hidden\" name=\"queried_id\" value=\"17920\"\/>\n\t\t\t\n\t\t\t<div class=\"elementor-form-fields-wrapper elementor-labels-\">\n\t\t\t\t\t\t\t\t<div class=\"elementor-field-type-text elementor-field-group elementor-column elementor-field-group-name elementor-col-100 elementor-field-required\">\n\t\t\t\t\t\t\t\t\t\t\t\t<label for=\"form-field-name\" class=\"elementor-field-label elementor-screen-only\">\n\t\t\t\t\t\t\t\tFull name\t\t\t\t\t\t\t<\/label>\n\t\t\t\t\t\t\t\t\t\t\t\t\t\t<input size=\"1\" type=\"text\" name=\"form_fields[name]\" id=\"form-field-name\" class=\"elementor-field elementor-size-sm  elementor-field-textual\" placeholder=\"Full name\" required=\"required\">\n\t\t\t\t\t\t\t\t\t\t\t<\/div>\n\t\t\t\t\t\t\t\t<div class=\"elementor-field-type-email elementor-field-group elementor-column elementor-field-group-email elementor-col-100 elementor-field-required\">\n\t\t\t\t\t\t\t\t\t\t\t\t<label for=\"form-field-email\" class=\"elementor-field-label elementor-screen-only\">\n\t\t\t\t\t\t\t\tEmail\t\t\t\t\t\t\t<\/label>\n\t\t\t\t\t\t\t\t\t\t\t\t\t\t<input size=\"1\" type=\"email\" name=\"form_fields[email]\" id=\"form-field-email\" class=\"elementor-field elementor-size-sm  elementor-field-textual\" placeholder=\"Email\" required=\"required\">\n\t\t\t\t\t\t\t\t\t\t\t<\/div>\n\t\t\t\t\t\t\t\t<div class=\"elementor-field-type-tel elementor-field-group elementor-column elementor-field-group-field_82fcb83 elementor-col-100 elementor-field-required\">\n\t\t\t\t\t\t\t\t\t\t\t\t<label for=\"form-field-field_82fcb83\" class=\"elementor-field-label elementor-screen-only\">\n\t\t\t\t\t\t\t\tPhone\t\t\t\t\t\t\t<\/label>\n\t\t\t\t\t\t\t\t<input size=\"1\" type=\"tel\" name=\"form_fields[field_82fcb83]\" id=\"form-field-field_82fcb83\" class=\"elementor-field elementor-size-sm  elementor-field-textual\" placeholder=\"Phone\" required=\"required\" pattern=\"[0-9()#&amp;+*-=.]+\" title=\"Only numbers and phone characters (#, -, *, etc) are accepted.\">\n\n\t\t\t\t\t\t<\/div>\n\t\t\t\t\t\t\t\t<div class=\"elementor-field-type-text elementor-field-group elementor-column elementor-field-group-field_bee6e1d elementor-col-100 elementor-field-required\">\n\t\t\t\t\t\t\t\t\t\t\t\t<label for=\"form-field-field_bee6e1d\" class=\"elementor-field-label elementor-screen-only\">\n\t\t\t\t\t\t\t\tCompany\t\t\t\t\t\t\t<\/label>\n\t\t\t\t\t\t\t\t\t\t\t\t\t\t<input size=\"1\" type=\"text\" name=\"form_fields[field_bee6e1d]\" id=\"form-field-field_bee6e1d\" class=\"elementor-field elementor-size-sm  elementor-field-textual\" placeholder=\"Company\" required=\"required\">\n\t\t\t\t\t\t\t\t\t\t\t<\/div>\n\t\t\t\t\t\t\t\t<div class=\"elementor-field-type-textarea elementor-field-group elementor-column elementor-field-group-message elementor-col-100 elementor-field-required\">\n\t\t\t\t\t\t\t\t\t\t\t\t<label for=\"form-field-message\" class=\"elementor-field-label elementor-screen-only\">\n\t\t\t\t\t\t\t\tMessage\t\t\t\t\t\t\t<\/label>\n\t\t\t\t\t\t<textarea class=\"elementor-field-textual elementor-field  elementor-size-sm\" name=\"form_fields[message]\" id=\"form-field-message\" rows=\"4\" placeholder=\"Message\" required=\"required\"><\/textarea>\t\t\t\t<\/div>\n\t\t\t\t\t\t\t\t<div class=\"elementor-field-group elementor-column elementor-field-type-submit elementor-col-100 e-form__buttons\">\n\t\t\t\t\t<button class=\"elementor-button elementor-size-md\" type=\"submit\">\n\t\t\t\t\t\t<span class=\"elementor-button-content-wrapper\">\n\t\t\t\t\t\t\t\t\t\t\t\t\t\t\t\t\t\t\t\t\t\t<span class=\"elementor-button-text\">Send<\/span>\n\t\t\t\t\t\t\t\t\t\t\t\t\t<\/span>\n\t\t\t\t\t<\/button>\n\t\t\t\t<\/div>\n\t\t\t<\/div>\n\t\t<\/form>\n\t\t\t\t\t\t<\/div>\n\t\t\t\t<\/div>\n\t\t\t\t\t<\/div>\n\t\t<\/div>\n\t\t\t\t\t<\/div>\n\t\t<\/section>\n\t\t\t\t<section class=\"wavo-column-gap-no has_ae_slider elementor-section elementor-top-section elementor-element elementor-element-2efd4c3 elementor-section-full_width elementor-section-height-default elementor-section-height-default ae-bg-gallery-type-default\" data-particle_enable=\"false\" data-particle-mobile-disabled=\"false\" data-id=\"2efd4c3\" data-element_type=\"section\" data-e-type=\"section\">\n\t\t\t\t\t\t<div class=\"elementor-container elementor-column-gap-no\">\n\t\t\t\t\t<div class=\"has_ae_slider elementor-column elementor-col-100 elementor-top-column elementor-element elementor-element-fcd7391 ae-bg-gallery-type-default\" data-id=\"fcd7391\" data-element_type=\"column\" data-e-type=\"column\">\n\t\t\t<div class=\"elementor-widget-wrap elementor-element-populated\">\n\t\t\t\t\t\t<div class=\"elementor-element elementor-element-6b63c07 elementor-widget elementor-widget-google_maps\" data-id=\"6b63c07\" data-element_type=\"widget\" data-e-type=\"widget\" data-widget_type=\"google_maps.default\">\n\t\t\t\t<div class=\"elementor-widget-container\">\n\t\t\t\t\t\t\t<div class=\"elementor-custom-embed\">\n\t\t\t<iframe loading=\"lazy\"\n\t\t\t\t\tsrc=\"https:\/\/maps.google.com\/maps?q=Zona%204%20de%20Mixco%2C%20Guatemala&#038;t=m&#038;z=12&#038;output=embed&#038;iwloc=near\"\n\t\t\t\t\ttitle=\"Zona 4 de Mixco, Guatemala\"\n\t\t\t\t\taria-label=\"Zona 4 de Mixco, Guatemala\"\n\t\t\t><\/iframe>\n\t\t<\/div>\n\t\t\t\t\t\t<\/div>\n\t\t\t\t<\/div>\n\t\t\t\t\t<\/div>\n\t\t<\/div>\n\t\t\t\t\t<\/div>\n\t\t<\/section>\n\t\t\t\t<\/div>\n\t\t","protected":false},"excerpt":{"rendered":"<p>More information Zona Franca Sadinsa SADINSA es una Zona Franca ubicada en la Zona 4 de Mixco en la ciudad de Guatemala. La ubicaci\u00f3n es un punto intermedio excelente que permite colocar contenedores en cualquier puesto aduanero o frontera, sin embargo, tiene m\u00e1s proximidad con la Ruta al Atl\u00e1ntico y la Carretera Interamericana. El parque&#8230;<\/p>","protected":false},"author":2,"featured_media":17937,"parent":17778,"menu_order":0,"comment_status":"closed","ping_status":"closed","template":"elementor_header_footer","meta":{"_joinchat":[],"footnotes":""},"class_list":{"0":"post-17920","1":"page","2":"type-page","3":"status-publish","4":"format-standard","5":"has-post-thumbnail","6":"hentry","7":"nt-post-class","8":"","11":"excerpt-none"},"_links":{"self":[{"href":"https:\/\/investguatemala.com\/es\/wp-json\/wp\/v2\/pages\/17920","targetHints":{"allow":["GET"]}}],"collection":[{"href":"https:\/\/investguatemala.com\/es\/wp-json\/wp\/v2\/pages"}],"about":[{"href":"https:\/\/investguatemala.com\/es\/wp-json\/wp\/v2\/types\/page"}],"author":[{"embeddable":true,"href":"https:\/\/investguatemala.com\/es\/wp-json\/wp\/v2\/users\/2"}],"replies":[{"embeddable":true,"href":"https:\/\/investguatemala.com\/es\/wp-json\/wp\/v2\/comments?post=17920"}],"version-history":[{"count":19,"href":"https:\/\/investguatemala.com\/es\/wp-json\/wp\/v2\/pages\/17920\/revisions"}],"predecessor-version":[{"id":17950,"href":"https:\/\/investguatemala.com\/es\/wp-json\/wp\/v2\/pages\/17920\/revisions\/17950"}],"up":[{"embeddable":true,"href":"https:\/\/investguatemala.com\/es\/wp-json\/wp\/v2\/pages\/17778"}],"wp:featuredmedia":[{"embeddable":true,"href":"https:\/\/investguatemala.com\/es\/wp-json\/wp\/v2\/media\/17937"}],"wp:attachment":[{"href":"https:\/\/investguatemala.com\/es\/wp-json\/wp\/v2\/media?parent=17920"}],"curies":[{"name":"wp","href":"https:\/\/api.w.org\/{rel}","templated":true}]}}