{"id":17790,"date":"2024-05-16T10:20:23","date_gmt":"2024-05-16T16:20:23","guid":{"rendered":"https:\/\/investguatemala.com\/?page_id=17790"},"modified":"2026-03-04T10:39:05","modified_gmt":"2026-03-04T16:39:05","slug":"resources","status":"publish","type":"page","link":"https:\/\/investguatemala.com\/es\/resources\/","title":{"rendered":"Recursos"},"content":{"rendered":"<div data-elementor-type=\"wp-page\" data-elementor-id=\"17790\" class=\"elementor elementor-17790\" data-elementor-post-type=\"page\">\n\t\t\t\t\t\t<section class=\"wavo-column-gap-no has_ae_slider elementor-section elementor-top-section elementor-element elementor-element-4a04f3f elementor-section-stretched elementor-section-height-min-height wavo-parallax jarallax parallax-yes elementor-section-boxed elementor-section-height-default elementor-section-items-middle ae-bg-gallery-type-default\" data-wavo-bg-video=\"{&quot;provider&quot;:&quot;youtube&quot;,&quot;video_id&quot;:&quot;RW2SiL-iclA&quot;}\" data-wavo-parallax=\"{&quot;type&quot;:&quot;scroll&quot;,&quot;speed&quot;:&quot;0.4&quot;,&quot;imgsize&quot;:&quot;cover&quot;,&quot;imgsrc&quot;:&quot;&quot;,&quot;mobile&quot;:&quot;&quot;}\" data-particle_enable=\"false\" data-particle-mobile-disabled=\"false\" data-id=\"4a04f3f\" data-element_type=\"section\" data-e-type=\"section\" data-settings=\"{&quot;stretch_section&quot;:&quot;section-stretched&quot;,&quot;background_background&quot;:&quot;video&quot;,&quot;background_video_link&quot;:&quot;https:\\\/\\\/youtu.be\\\/RW2SiL-iclA&quot;,&quot;background_video_start&quot;:5,&quot;background_video_end&quot;:40}\">\n\t\t\t\t\t\t\t\t<div class=\"elementor-background-video-container elementor-hidden-mobile\">\n\t\t\t\t\t\t\t\t\t\t\t\t\t<div class=\"elementor-background-video-embed\" role=\"presentation\"><\/div>\n\t\t\t\t\t\t\t\t\t\t\t\t<\/div>\n\t\t\t\t\t\t\t\t\t<div class=\"elementor-background-overlay\"><\/div>\n\t\t\t\t\t\t\t<div class=\"elementor-container elementor-column-gap-no\">\n\t\t\t\t\t<div class=\"has_ae_slider elementor-column elementor-col-100 elementor-top-column elementor-element elementor-element-e6ed8df ae-bg-gallery-type-default\" data-id=\"e6ed8df\" data-element_type=\"column\" data-e-type=\"column\">\n\t\t\t<div class=\"elementor-widget-wrap elementor-element-populated\">\n\t\t\t\t\t\t<div class=\"elementor-element elementor-element-2107811 wavo-stroke wavo-has-stroke-yes wavo-has-stroke-type stroke-type-part wavo-transform transform-type-translate elementor-invisible elementor-widget elementor-widget-heading\" data-id=\"2107811\" data-element_type=\"widget\" data-e-type=\"widget\" data-settings=\"{&quot;_animation&quot;:&quot;fadeIn&quot;,&quot;_animation_delay&quot;:900}\" data-widget_type=\"heading.default\">\n\t\t\t\t<div class=\"elementor-widget-container\">\n\t\t\t\t\t<h1 class=\"elementor-heading-title elementor-size-default\">Recursos<\/h1>\t\t\t\t<\/div>\n\t\t\t\t<\/div>\n\t\t\t\t<section class=\"wavo-column-gap-no has_ae_slider elementor-section elementor-inner-section elementor-element elementor-element-837abbd elementor-section-boxed elementor-section-height-default elementor-section-height-default ae-bg-gallery-type-default\" data-particle_enable=\"false\" data-particle-mobile-disabled=\"false\" data-id=\"837abbd\" data-element_type=\"section\" data-e-type=\"section\">\n\t\t\t\t\t\t<div class=\"elementor-container elementor-column-gap-no\">\n\t\t\t\t\t<div class=\"has_ae_slider elementor-column elementor-col-16 elementor-inner-column elementor-element elementor-element-d93ad02 ae-bg-gallery-type-default\" data-id=\"d93ad02\" data-element_type=\"column\" data-e-type=\"column\">\n\t\t\t<div class=\"elementor-widget-wrap\">\n\t\t\t\t\t\t\t<\/div>\n\t\t<\/div>\n\t\t\t\t<div class=\"has_ae_slider elementor-column elementor-col-66 elementor-inner-column elementor-element elementor-element-f267255 ae-bg-gallery-type-default\" data-id=\"f267255\" data-element_type=\"column\" data-e-type=\"column\">\n\t\t\t<div class=\"elementor-widget-wrap elementor-element-populated\">\n\t\t\t\t\t\t<div class=\"elementor-element elementor-element-f3410bd elementor-widget elementor-widget-text-editor\" data-id=\"f3410bd\" data-element_type=\"widget\" data-e-type=\"widget\" data-widget_type=\"text-editor.default\">\n\t\t\t\t<div class=\"elementor-widget-container\">\n\t\t\t\t\t\t\t\t\t<p style=\"text-align: center;\"><span style=\"color: #ffffff;\">Bienvenido a la fuente definitiva de informaci\u00f3n y herramientas para invertir en Guatemala. En nuestra secci\u00f3n de recursos, encontrar\u00e1 gu\u00edas detalladas, an\u00e1lisis de mercado actualizados y datos esenciales que le ayudar\u00e1n a tomar decisiones informadas. Nuestros recursos est\u00e1n dise\u00f1ados para proporcionarle los conocimientos necesarios para navegar con \u00e9xito en el din\u00e1mico entorno econ\u00f3mico de Guatemala.<\/span><\/p>\t\t\t\t\t\t\t\t<\/div>\n\t\t\t\t<\/div>\n\t\t\t\t\t<\/div>\n\t\t<\/div>\n\t\t\t\t<div class=\"has_ae_slider elementor-column elementor-col-16 elementor-inner-column elementor-element elementor-element-bbc5fd2 ae-bg-gallery-type-default\" data-id=\"bbc5fd2\" data-element_type=\"column\" data-e-type=\"column\">\n\t\t\t<div class=\"elementor-widget-wrap\">\n\t\t\t\t\t\t\t<\/div>\n\t\t<\/div>\n\t\t\t\t\t<\/div>\n\t\t<\/section>\n\t\t\t\t\t<\/div>\n\t\t<\/div>\n\t\t\t\t\t<\/div>\n\t\t<\/section>\n\t\t\t\t<section class=\"wavo-column-gap-default has_ae_slider elementor-section elementor-top-section elementor-element elementor-element-a7b9924 elementor-section-boxed elementor-section-height-default elementor-section-height-default ae-bg-gallery-type-default\" data-particle_enable=\"false\" data-particle-mobile-disabled=\"false\" data-id=\"a7b9924\" data-element_type=\"section\" data-e-type=\"section\">\n\t\t\t\t\t\t<div class=\"elementor-container elementor-column-gap-default\">\n\t\t\t\t\t<div class=\"has_ae_slider elementor-column elementor-col-33 elementor-top-column elementor-element elementor-element-c4e1c0d ae-bg-gallery-type-default\" data-id=\"c4e1c0d\" data-element_type=\"column\" data-e-type=\"column\">\n\t\t\t<div class=\"elementor-widget-wrap elementor-element-populated\">\n\t\t\t\t\t\t<div class=\"elementor-element elementor-element-e2f2f08 elementor-position-top elementor-widget elementor-widget-image-box\" data-id=\"e2f2f08\" data-element_type=\"widget\" data-e-type=\"widget\" data-widget_type=\"image-box.default\">\n\t\t\t\t<div class=\"elementor-widget-container\">\n\t\t\t\t\t<div class=\"elementor-image-box-wrapper\"><figure class=\"elementor-image-box-img\"><a href=\"https:\/\/investguatemala.com\/wp-content\/uploads\/2026\/03\/PASSPORT-INVEST-GUATEMALA-vw.pdf\" tabindex=\"-1\"><img fetchpriority=\"high\" decoding=\"async\" width=\"1000\" height=\"667\" src=\"https:\/\/investguatemala.com\/wp-content\/uploads\/2026\/03\/investment-passport-invest-guatemala.jpg\" class=\"attachment-full size-full wp-image-20756\" alt=\"Investment Passport\" title=\"\" srcset=\"https:\/\/investguatemala.com\/wp-content\/uploads\/2026\/03\/investment-passport-invest-guatemala.jpg 1000w, https:\/\/investguatemala.com\/wp-content\/uploads\/2026\/03\/investment-passport-invest-guatemala-300x200.jpg 300w, https:\/\/investguatemala.com\/wp-content\/uploads\/2026\/03\/investment-passport-invest-guatemala-768x512.jpg 768w, https:\/\/investguatemala.com\/wp-content\/uploads\/2026\/03\/investment-passport-invest-guatemala-18x12.jpg 18w, https:\/\/investguatemala.com\/wp-content\/uploads\/2026\/03\/investment-passport-invest-guatemala-500x334.jpg 500w\" sizes=\"(max-width: 1000px) 100vw, 1000px\" \/><\/a><\/figure><div class=\"elementor-image-box-content\"><h3 class=\"elementor-image-box-title\"><a href=\"https:\/\/investguatemala.com\/wp-content\/uploads\/2026\/03\/PASSPORT-INVEST-GUATEMALA-vw.pdf\">Investment Passport<\/a><\/h3><\/div><\/div>\t\t\t\t<\/div>\n\t\t\t\t<\/div>\n\t\t\t\t<div class=\"elementor-element elementor-element-a3f58b0 elementor-widget elementor-widget-wavo-button2\" data-id=\"a3f58b0\" data-element_type=\"widget\" data-e-type=\"widget\" data-widget_type=\"wavo-button2.default\">\n\t\t\t\t<div class=\"elementor-widget-container\">\n\t\t\t\t\t<div class=\"wavo-button has-icon\"><a class=\"nt-btn-6 btn-radius btn-icon-right\" href=\"https:\/\/investguatemala.com\/wp-content\/uploads\/2026\/03\/PASSPORT-INVEST-GUATEMALA-vw.pdf\"><span class=\"nt_btn_text\">M\u00e1s informaci\u00f3n<i aria-hidden=\"true\" class=\"fas fa-share\"><\/i><span><\/span><\/span><\/a><\/div>\t\t\t\t<\/div>\n\t\t\t\t<\/div>\n\t\t\t\t\t<\/div>\n\t\t<\/div>\n\t\t\t\t<div class=\"has_ae_slider elementor-column elementor-col-33 elementor-top-column elementor-element elementor-element-eb42c0d ae-bg-gallery-type-default\" data-id=\"eb42c0d\" data-element_type=\"column\" data-e-type=\"column\">\n\t\t\t<div class=\"elementor-widget-wrap elementor-element-populated\">\n\t\t\t\t\t\t<div class=\"elementor-element elementor-element-3823771 elementor-position-top elementor-widget elementor-widget-image-box\" data-id=\"3823771\" data-element_type=\"widget\" data-e-type=\"widget\" data-widget_type=\"image-box.default\">\n\t\t\t\t<div class=\"elementor-widget-container\">\n\t\t\t\t\t<div class=\"elementor-image-box-wrapper\"><figure class=\"elementor-image-box-img\"><a href=\"https:\/\/investguatemala.com\/es\/reasons-to-invest-in-guatemala\/\" tabindex=\"-1\"><img decoding=\"async\" width=\"1000\" height=\"667\" src=\"https:\/\/investguatemala.com\/wp-content\/uploads\/2025\/03\/img-7rigt-2.jpg\" class=\"attachment-full size-full wp-image-18524\" alt=\"7 reasons to invest ing Guatemala\" title=\"\" srcset=\"https:\/\/investguatemala.com\/wp-content\/uploads\/2025\/03\/img-7rigt-2.jpg 1000w, https:\/\/investguatemala.com\/wp-content\/uploads\/2025\/03\/img-7rigt-2-300x200.jpg 300w, https:\/\/investguatemala.com\/wp-content\/uploads\/2025\/03\/img-7rigt-2-768x512.jpg 768w, https:\/\/investguatemala.com\/wp-content\/uploads\/2025\/03\/img-7rigt-2-18x12.jpg 18w, https:\/\/investguatemala.com\/wp-content\/uploads\/2025\/03\/img-7rigt-2-500x334.jpg 500w\" sizes=\"(max-width: 1000px) 100vw, 1000px\" \/><\/a><\/figure><div class=\"elementor-image-box-content\"><h3 class=\"elementor-image-box-title\"><a href=\"https:\/\/investguatemala.com\/es\/reasons-to-invest-in-guatemala\/\">7 razones para invertir en Guatemala<\/a><\/h3><\/div><\/div>\t\t\t\t<\/div>\n\t\t\t\t<\/div>\n\t\t\t\t<div class=\"elementor-element elementor-element-b2bf070 elementor-widget elementor-widget-wavo-button2\" data-id=\"b2bf070\" data-element_type=\"widget\" data-e-type=\"widget\" data-widget_type=\"wavo-button2.default\">\n\t\t\t\t<div class=\"elementor-widget-container\">\n\t\t\t\t\t<div class=\"wavo-button has-icon\"><a class=\"nt-btn-6 btn-radius btn-icon-right\" href=\"https:\/\/investguatemala.com\/es\/reasons-to-invest-in-guatemala\/\"><span class=\"nt_btn_text\">M\u00e1s informaci\u00f3n<i aria-hidden=\"true\" class=\"fas fa-share\"><\/i><span><\/span><\/span><\/a><\/div>\t\t\t\t<\/div>\n\t\t\t\t<\/div>\n\t\t\t\t\t<\/div>\n\t\t<\/div>\n\t\t\t\t<div class=\"has_ae_slider elementor-column elementor-col-33 elementor-top-column elementor-element elementor-element-4fcb024 ae-bg-gallery-type-default\" data-id=\"4fcb024\" data-element_type=\"column\" data-e-type=\"column\">\n\t\t\t<div class=\"elementor-widget-wrap elementor-element-populated\">\n\t\t\t\t\t\t<div class=\"elementor-element elementor-element-029a439 elementor-position-top elementor-widget elementor-widget-image-box\" data-id=\"029a439\" data-element_type=\"widget\" data-e-type=\"widget\" data-widget_type=\"image-box.default\">\n\t\t\t\t<div class=\"elementor-widget-container\">\n\t\t\t\t\t<div class=\"elementor-image-box-wrapper\"><figure class=\"elementor-image-box-img\"><a href=\"https:\/\/investguatemala.com\/es\/how-to-start-a-business-in-guatemala\/\" tabindex=\"-1\"><img decoding=\"async\" width=\"1000\" height=\"667\" src=\"https:\/\/investguatemala.com\/wp-content\/uploads\/2025\/03\/crear-empresa-en-GT.jpg\" class=\"attachment-full size-full wp-image-18539\" alt=\"How to start a business in Guatemala\" title=\"\" srcset=\"https:\/\/investguatemala.com\/wp-content\/uploads\/2025\/03\/crear-empresa-en-GT.jpg 1000w, https:\/\/investguatemala.com\/wp-content\/uploads\/2025\/03\/crear-empresa-en-GT-300x200.jpg 300w, https:\/\/investguatemala.com\/wp-content\/uploads\/2025\/03\/crear-empresa-en-GT-768x512.jpg 768w, https:\/\/investguatemala.com\/wp-content\/uploads\/2025\/03\/crear-empresa-en-GT-18x12.jpg 18w, https:\/\/investguatemala.com\/wp-content\/uploads\/2025\/03\/crear-empresa-en-GT-500x334.jpg 500w\" sizes=\"(max-width: 1000px) 100vw, 1000px\" \/><\/a><\/figure><div class=\"elementor-image-box-content\"><h3 class=\"elementor-image-box-title\"><a href=\"https:\/\/investguatemala.com\/es\/how-to-start-a-business-in-guatemala\/\">C\u00f3mo crear una empresa en Guatemala<\/a><\/h3><\/div><\/div>\t\t\t\t<\/div>\n\t\t\t\t<\/div>\n\t\t\t\t<div class=\"elementor-element elementor-element-4b17196 elementor-widget elementor-widget-wavo-button2\" data-id=\"4b17196\" data-element_type=\"widget\" data-e-type=\"widget\" data-widget_type=\"wavo-button2.default\">\n\t\t\t\t<div class=\"elementor-widget-container\">\n\t\t\t\t\t<div class=\"wavo-button has-icon\"><a class=\"nt-btn-6 btn-radius btn-icon-right\" href=\"https:\/\/investguatemala.com\/es\/how-to-start-a-business-in-guatemala\/\"><span class=\"nt_btn_text\">Descargar<i aria-hidden=\"true\" class=\"fas fa-download\"><\/i><span><\/span><\/span><\/a><\/div>\t\t\t\t<\/div>\n\t\t\t\t<\/div>\n\t\t\t\t\t<\/div>\n\t\t<\/div>\n\t\t\t\t\t<\/div>\n\t\t<\/section>\n\t\t\t\t<section class=\"wavo-column-gap-default has_ae_slider elementor-section elementor-top-section elementor-element elementor-element-d5b105e elementor-section-boxed elementor-section-height-default elementor-section-height-default ae-bg-gallery-type-default\" data-particle_enable=\"false\" data-particle-mobile-disabled=\"false\" data-id=\"d5b105e\" data-element_type=\"section\" data-e-type=\"section\">\n\t\t\t\t\t\t<div class=\"elementor-container elementor-column-gap-default\">\n\t\t\t\t\t<div class=\"has_ae_slider elementor-column elementor-col-33 elementor-top-column elementor-element elementor-element-b7d66a7 ae-bg-gallery-type-default\" data-id=\"b7d66a7\" data-element_type=\"column\" data-e-type=\"column\">\n\t\t\t<div class=\"elementor-widget-wrap elementor-element-populated\">\n\t\t\t\t\t\t<div class=\"elementor-element elementor-element-40ac3a9 elementor-position-top elementor-widget elementor-widget-image-box\" data-id=\"40ac3a9\" data-element_type=\"widget\" data-e-type=\"widget\" data-widget_type=\"image-box.default\">\n\t\t\t\t<div class=\"elementor-widget-container\">\n\t\t\t\t\t<div class=\"elementor-image-box-wrapper\"><figure class=\"elementor-image-box-img\"><a href=\"https:\/\/investguatemala.com\/wp-content\/uploads\/2025\/08\/Kit-de-Bienvenida-al-Inversionista-Espan\u0303ol.pdf\" target=\"_blank\" tabindex=\"-1\"><img loading=\"lazy\" decoding=\"async\" width=\"1280\" height=\"853\" src=\"https:\/\/investguatemala.com\/wp-content\/uploads\/2024\/05\/Guatemala-Central-Americas-economic-engine-image.jpg\" class=\"attachment-full size-full wp-image-17802\" alt=\"Guatemala Central America\u00b4s Economic Engine\" title=\"\" srcset=\"https:\/\/investguatemala.com\/wp-content\/uploads\/2024\/05\/Guatemala-Central-Americas-economic-engine-image.jpg 1280w, https:\/\/investguatemala.com\/wp-content\/uploads\/2024\/05\/Guatemala-Central-Americas-economic-engine-image-300x200.jpg 300w, https:\/\/investguatemala.com\/wp-content\/uploads\/2024\/05\/Guatemala-Central-Americas-economic-engine-image-1024x682.jpg 1024w, https:\/\/investguatemala.com\/wp-content\/uploads\/2024\/05\/Guatemala-Central-Americas-economic-engine-image-768x512.jpg 768w, https:\/\/investguatemala.com\/wp-content\/uploads\/2024\/05\/Guatemala-Central-Americas-economic-engine-image-18x12.jpg 18w, https:\/\/investguatemala.com\/wp-content\/uploads\/2024\/05\/Guatemala-Central-Americas-economic-engine-image-500x333.jpg 500w\" sizes=\"(max-width: 1280px) 100vw, 1280px\" \/><\/a><\/figure><div class=\"elementor-image-box-content\"><h3 class=\"elementor-image-box-title\"><a href=\"https:\/\/investguatemala.com\/wp-content\/uploads\/2025\/08\/Kit-de-Bienvenida-al-Inversionista-Espan\u0303ol.pdf\" target=\"_blank\">Kit de Bienvenida<\/a><\/h3><\/div><\/div>\t\t\t\t<\/div>\n\t\t\t\t<\/div>\n\t\t\t\t<div class=\"elementor-element elementor-element-dd01f8c elementor-widget elementor-widget-wavo-button2\" data-id=\"dd01f8c\" data-element_type=\"widget\" data-e-type=\"widget\" data-widget_type=\"wavo-button2.default\">\n\t\t\t\t<div class=\"elementor-widget-container\">\n\t\t\t\t\t<div class=\"wavo-button has-icon\"><a class=\"nt-btn-6 btn-radius btn-icon-right\" href=\"https:\/\/investguatemala.com\/wp-content\/uploads\/2025\/08\/Kit-de-Bienvenida-al-Inversionista-Espan\u0303ol.pdf\" target=\"_blank\"><span class=\"nt_btn_text\">Descargar<i aria-hidden=\"true\" class=\"fas fa-download\"><\/i><span><\/span><\/span><\/a><\/div>\t\t\t\t<\/div>\n\t\t\t\t<\/div>\n\t\t\t\t\t<\/div>\n\t\t<\/div>\n\t\t\t\t<div class=\"has_ae_slider elementor-column elementor-col-33 elementor-top-column elementor-element elementor-element-5542bd9 ae-bg-gallery-type-default\" data-id=\"5542bd9\" data-element_type=\"column\" data-e-type=\"column\">\n\t\t\t<div class=\"elementor-widget-wrap elementor-element-populated\">\n\t\t\t\t\t\t<div class=\"elementor-element elementor-element-300d1aa elementor-position-top elementor-widget elementor-widget-image-box\" data-id=\"300d1aa\" data-element_type=\"widget\" data-e-type=\"widget\" data-widget_type=\"image-box.default\">\n\t\t\t\t<div class=\"elementor-widget-container\">\n\t\t\t\t\t<div class=\"elementor-image-box-wrapper\"><figure class=\"elementor-image-box-img\"><a href=\"https:\/\/investguatemala.com\/es\/directory\/\" tabindex=\"-1\"><img loading=\"lazy\" decoding=\"async\" width=\"1000\" height=\"667\" src=\"https:\/\/investguatemala.com\/wp-content\/uploads\/2025\/03\/img-parques-industriales-w.jpg\" class=\"attachment-full size-full wp-image-18535\" alt=\"Industrial Parks in Guatemala\" title=\"\" srcset=\"https:\/\/investguatemala.com\/wp-content\/uploads\/2025\/03\/img-parques-industriales-w.jpg 1000w, https:\/\/investguatemala.com\/wp-content\/uploads\/2025\/03\/img-parques-industriales-w-300x200.jpg 300w, https:\/\/investguatemala.com\/wp-content\/uploads\/2025\/03\/img-parques-industriales-w-768x512.jpg 768w, https:\/\/investguatemala.com\/wp-content\/uploads\/2025\/03\/img-parques-industriales-w-18x12.jpg 18w, https:\/\/investguatemala.com\/wp-content\/uploads\/2025\/03\/img-parques-industriales-w-500x334.jpg 500w\" sizes=\"(max-width: 1000px) 100vw, 1000px\" \/><\/a><\/figure><div class=\"elementor-image-box-content\"><h3 class=\"elementor-image-box-title\"><a href=\"https:\/\/investguatemala.com\/es\/directory\/\">Parques Industriales en Guatemala<\/a><\/h3><\/div><\/div>\t\t\t\t<\/div>\n\t\t\t\t<\/div>\n\t\t\t\t<div class=\"elementor-element elementor-element-a8c38c5 elementor-widget elementor-widget-wavo-button2\" data-id=\"a8c38c5\" data-element_type=\"widget\" data-e-type=\"widget\" data-widget_type=\"wavo-button2.default\">\n\t\t\t\t<div class=\"elementor-widget-container\">\n\t\t\t\t\t<div class=\"wavo-button has-icon\"><a class=\"nt-btn-6 btn-radius btn-icon-right\" href=\"https:\/\/investguatemala.com\/es\/directory\/\"><span class=\"nt_btn_text\">Descargar<i aria-hidden=\"true\" class=\"fas fa-download\"><\/i><span><\/span><\/span><\/a><\/div>\t\t\t\t<\/div>\n\t\t\t\t<\/div>\n\t\t\t\t\t<\/div>\n\t\t<\/div>\n\t\t\t\t<div class=\"has_ae_slider elementor-column elementor-col-33 elementor-top-column elementor-element elementor-element-def8d4e ae-bg-gallery-type-default\" data-id=\"def8d4e\" data-element_type=\"column\" data-e-type=\"column\">\n\t\t\t<div class=\"elementor-widget-wrap\">\n\t\t\t\t\t\t\t<\/div>\n\t\t<\/div>\n\t\t\t\t\t<\/div>\n\t\t<\/section>\n\t\t\t\t<\/div>","protected":false},"excerpt":{"rendered":"<p>Resources Welcome to the ultimate source of information and tools for investing in Guatemala. In our resources section, you\u2019ll find detailed guides, up-to-date market analyses, and essential data that will help you make informed decisions. Our resources are designed to provide you with the knowledge needed to successfully navigate Guatemala\u2019s dynamic economic environment. Investment Passport&#8230;<\/p>","protected":false},"author":2,"featured_media":17792,"parent":0,"menu_order":0,"comment_status":"closed","ping_status":"closed","template":"elementor_header_footer","meta":{"_joinchat":[],"footnotes":""},"class_list":{"0":"post-17790","1":"page","2":"type-page","3":"status-publish","4":"format-standard","5":"has-post-thumbnail","6":"hentry","7":"nt-post-class","8":"","11":"excerpt-none"},"_links":{"self":[{"href":"https:\/\/investguatemala.com\/es\/wp-json\/wp\/v2\/pages\/17790","targetHints":{"allow":["GET"]}}],"collection":[{"href":"https:\/\/investguatemala.com\/es\/wp-json\/wp\/v2\/pages"}],"about":[{"href":"https:\/\/investguatemala.com\/es\/wp-json\/wp\/v2\/types\/page"}],"author":[{"embeddable":true,"href":"https:\/\/investguatemala.com\/es\/wp-json\/wp\/v2\/users\/2"}],"replies":[{"embeddable":true,"href":"https:\/\/investguatemala.com\/es\/wp-json\/wp\/v2\/comments?post=17790"}],"version-history":[{"count":104,"href":"https:\/\/investguatemala.com\/es\/wp-json\/wp\/v2\/pages\/17790\/revisions"}],"predecessor-version":[{"id":20759,"href":"https:\/\/investguatemala.com\/es\/wp-json\/wp\/v2\/pages\/17790\/revisions\/20759"}],"wp:featuredmedia":[{"embeddable":true,"href":"https:\/\/investguatemala.com\/es\/wp-json\/wp\/v2\/media\/17792"}],"wp:attachment":[{"href":"https:\/\/investguatemala.com\/es\/wp-json\/wp\/v2\/media?parent=17790"}],"curies":[{"name":"wp","href":"https:\/\/api.w.org\/{rel}","templated":true}]}}